{"id":3098,"date":"2021-09-04T17:09:20","date_gmt":"2021-09-04T21:09:20","guid":{"rendered":"https:\/\/www.kativik.qc.ca\/partenaires\/"},"modified":"2024-04-25T14:49:36","modified_gmt":"2024-04-25T18:49:36","slug":"partners","status":"publish","type":"page","link":"https:\/\/www.kativik.qc.ca\/en\/partners\/","title":{"rendered":"Partners"},"content":{"rendered":"<div class=\"wpb-content-wrapper\"><p>[vc_row][vc_column][vc_empty_space][\/vc_column][\/vc_row][vc_row][vc_column]<div class=\"module-title-1\">\n    <div class=\"title-box\">\n                            <div class=\"bt-back\" data-aos=\"fade-left\" data-aos-delay=\"400\"><a class=\"btn btn-back\" href=\"https:\/\/www.kativik.qc.ca\/en\/\" title=\"Home\" target=\"\"><span>Home<\/span><\/a><\/div>\n                    <div  data-aos=\"fade\" data-aos-delay=\"0\"><h1>Partners<\/h1><\/div>            <\/div>\n<\/div>[\/vc_column][\/vc_row][vc_row][vc_column]<div class=\"module-title-2 \" style=\"background-image: url('https:\/\/www.kativik.qc.ca\/wp-content\/uploads\/2021\/05\/deco-1.png')\">\n        <div class=\"title-type-2-box\">\n        <div class=\"title-sub-box\"  data-aos=\"fade\" data-aos-delay=\"0\">\n            <h3>Education partnerships<\/h3>\n        <\/div>\n        <div class=\"txt-box txt-bleu\"  data-aos=\"fade-left\" data-aos-delay=\"200\">\n            <p>Our partnerships with organizations make it possible to offer several activities as well as specialized training in all of our departments.<\/p>        <\/div>\n    <\/div>\n<\/div>[vc_empty_space height=&#8221;40px&#8221;][\/vc_column][\/vc_row][vc_row][vc_column]<div class=\"module-title-3 \">\n    <div class=\"title-type-3-box\">\n        <div class=\"title-sub-box\"  data-aos=\"fade\" data-aos-delay=\"0\">\n            <h3>Nunavik and Governmental Partners<\/h3>\n                    <\/div>\n            <\/div>\n<\/div>[\/vc_column][\/vc_row][vc_row][vc_column width=&#8221;1\/4&#8243;][vc_empty_space height=&#8221;20px&#8221;][vc_single_image image=&#8221;13427&#8243; alignment=&#8221;center&#8221;][vc_column_text]<\/p>\n<h3 style=\"text-align: center;\">The Makivik Corporation<\/h3>\n<h6 style=\"text-align: center;\"><a href=\"https:\/\/www.makivvik.ca\/\" target=\"_blank\" rel=\"noopener\"><strong>LEARN MORE \u2023\u2023\u2023<\/strong><\/a><\/h6>\n<p>[\/vc_column_text][vc_empty_space height=&#8221;20px&#8221;][\/vc_column][vc_column width=&#8221;1\/4&#8243;][vc_empty_space height=&#8221;20px&#8221;][vc_single_image image=&#8221;13432&#8243; alignment=&#8221;center&#8221;][vc_column_text]<\/p>\n<h3 style=\"text-align: center;\">Kativik Regional Government<\/h3>\n<h6 style=\"text-align: center;\"><a href=\"https:\/\/www.krg.ca\/\" target=\"_blank\" rel=\"noopener\"><strong>LEARN MORE \u2023\u2023\u2023<\/strong><\/a><\/h6>\n<p>[\/vc_column_text][vc_empty_space height=&#8221;20px&#8221;][\/vc_column][vc_column width=&#8221;1\/4&#8243;][vc_empty_space height=&#8221;20px&#8221;][vc_single_image image=&#8221;13436&#8243; alignment=&#8221;center&#8221;][vc_column_text]<\/p>\n<h3 style=\"text-align: center;\">ESUMA<\/h3>\n<h6 style=\"text-align: center;\"><a href=\"https:\/\/esuma.ca\/\" target=\"_blank\" rel=\"noopener\"><strong>LEARN MORE \u2023\u2023\u2023<\/strong><\/a><\/h6>\n<p>[\/vc_column_text][vc_empty_space height=&#8221;20px&#8221;][\/vc_column][vc_column width=&#8221;1\/4&#8243;][vc_empty_space height=&#8221;20px&#8221;][vc_single_image image=&#8221;13441&#8243; alignment=&#8221;center&#8221;][vc_column_text]<\/p>\n<h3 style=\"text-align: center;\">The Avataq<br \/>\nInstitute<\/h3>\n<h6 style=\"text-align: center;\"><a href=\"https:\/\/www.avataq.qc.ca\/en\/Home\" target=\"_blank\" rel=\"noopener\"><strong>LEARN MORE \u2023\u2023\u2023<\/strong><\/a><\/h6>\n<p>[\/vc_column_text][vc_empty_space height=&#8221;20px&#8221;][\/vc_column][\/vc_row][vc_row][vc_column width=&#8221;1\/4&#8243;][vc_empty_space height=&#8221;20px&#8221;][vc_single_image image=&#8221;13445&#8243; alignment=&#8221;center&#8221;][vc_column_text]<\/p>\n<h3 style=\"text-align: center;\">The Nunavik Regional Board of Health and Social Services<\/h3>\n<h6 style=\"text-align: center;\"><a href=\"http:\/\/nrbhss.ca\/\" target=\"_blank\" rel=\"noopener\"><strong>LEARN MORE \u2023\u2023\u2023<\/strong><\/a><\/h6>\n<p>[\/vc_column_text][vc_empty_space height=&#8221;20px&#8221;][\/vc_column][vc_column width=&#8221;1\/4&#8243;][vc_empty_space height=&#8221;20px&#8221;][vc_single_image image=&#8221;13449&#8243; alignment=&#8221;center&#8221;][vc_column_text]<\/p>\n<h3 style=\"text-align: center;\">Breakfast Club<br \/>\nCanada<\/h3>\n<h6 style=\"text-align: center;\"><a href=\"https:\/\/www.breakfastclubcanada.org\/\" target=\"_blank\" rel=\"noopener\"><strong>LEARN MORE \u2023\u2023\u2023<\/strong><\/a><\/h6>\n<p>[\/vc_column_text][vc_empty_space height=&#8221;20px&#8221;][\/vc_column][vc_column width=&#8221;1\/4&#8243;][vc_empty_space height=&#8221;20px&#8221;][vc_single_image image=&#8221;13453&#8243; alignment=&#8221;center&#8221;][vc_column_text]<\/p>\n<h3 style=\"text-align: center;\">Indigenous and Northern Affairs Canada<\/h3>\n<h6 style=\"text-align: center;\"><a href=\"https:\/\/www.canada.ca\/en\/crown-indigenous-relations-northern-affairs.html\" target=\"_blank\" rel=\"noopener\"><strong>LEARN MORE \u2023\u2023\u2023<\/strong><\/a><\/h6>\n<p>[\/vc_column_text][vc_empty_space height=&#8221;20px&#8221;][\/vc_column][vc_column width=&#8221;1\/4&#8243;][vc_empty_space height=&#8221;20px&#8221;][vc_single_image image=&#8221;13457&#8243; alignment=&#8221;center&#8221;][vc_column_text]<\/p>\n<h3 style=\"text-align: center;\">Ministry of Education and Higher Education (Quebec)<\/h3>\n<h6 style=\"text-align: center;\"><a href=\"http:\/\/www.education.gouv.qc.ca\/en\/home\/\" target=\"_blank\" rel=\"noopener\"><strong>LEARN MORE \u2023\u2023\u2023<\/strong><\/a><\/h6>\n<p>[\/vc_column_text][vc_empty_space height=&#8221;20px&#8221;][\/vc_column][\/vc_row][vc_row][vc_column][vc_empty_space height=&#8221;40px&#8221;]<div class=\"module-title-3 \">\n    <div class=\"title-type-3-box\">\n        <div class=\"title-sub-box\"  data-aos=\"fade\" data-aos-delay=\"0\">\n            <h3>Educational Programs Partners<\/h3>\n                    <\/div>\n            <\/div>\n<\/div>[\/vc_column][\/vc_row][vc_row][vc_column width=&#8221;1\/4&#8243;][vc_empty_space height=&#8221;20px&#8221;][vc_single_image image=&#8221;13461&#8243; alignment=&#8221;center&#8221;][vc_column_text]<\/p>\n<h3 style=\"text-align: center;\">\u14c4\u1550\u154b\u1403\u1466 | Nurrait<br \/>\nJeunes Karibus<\/h3>\n<h6 style=\"text-align: center;\"><a href=\"http:\/\/www.nurraitjeuneskaribus.com\/home.html\" target=\"_blank\" rel=\"noopener\"><strong>LEARN MORE \u2023\u2023\u2023<\/strong><\/a><\/h6>\n<p>[\/vc_column_text][vc_empty_space height=&#8221;20px&#8221;][\/vc_column][vc_column width=&#8221;1\/4&#8243;][vc_empty_space height=&#8221;20px&#8221;][vc_single_image image=&#8221;13473&#8243; alignment=&#8221;center&#8221;][vc_column_text]<\/p>\n<h3 style=\"text-align: center;\">United for Literacy<\/h3>\n<h6 style=\"text-align: center;\"><a href=\"https:\/\/www.unitedforliteracy.ca\/welcome\" target=\"_blank\" rel=\"noopener\"><strong>LEARN MORE \u2023\u2023\u2023<\/strong><\/a><\/h6>\n<p>[\/vc_column_text][vc_empty_space height=&#8221;20px&#8221;][\/vc_column][vc_column width=&#8221;1\/4&#8243;][vc_empty_space height=&#8221;20px&#8221;][vc_single_image image=&#8221;13465&#8243; alignment=&#8221;center&#8221;][vc_column_text]<\/p>\n<h3 style=\"text-align: center;\">Youth Fusion<\/h3>\n<h6 style=\"text-align: center;\"><a href=\"https:\/\/fusionjeunesse.org\/en\/home\/\" target=\"_blank\" rel=\"noopener\"><strong>LEARN MORE \u2023\u2023\u2023<\/strong><\/a><\/h6>\n<p>[\/vc_column_text][vc_empty_space height=&#8221;20px&#8221;][\/vc_column][vc_column width=&#8221;1\/4&#8243;][vc_empty_space height=&#8221;20px&#8221;][vc_single_image image=&#8221;13468&#8243; alignment=&#8221;center&#8221;][vc_column_text]<\/p>\n<h3 style=\"text-align: center;\">Universit\u00e9 du Qu\u00e9bec en Abitibi-T\u00e9miscamingue<\/h3>\n<h6 style=\"text-align: center;\"><a href=\"https:\/\/www.uqat.ca\/en\/\" target=\"_blank\" rel=\"noopener\"><strong>LEARN MORE \u2023\u2023\u2023<\/strong><\/a><\/h6>\n<p>[\/vc_column_text][vc_empty_space height=&#8221;20px&#8221;][\/vc_column][\/vc_row][vc_row][vc_column width=&#8221;1\/4&#8243;][vc_empty_space height=&#8221;20px&#8221;][vc_single_image image=&#8221;13885&#8243; alignment=&#8221;center&#8221;][vc_column_text]<\/p>\n<h3 style=\"text-align: center;\">Vanier College<\/h3>\n<h6 style=\"text-align: center;\"><a href=\"https:\/\/www.vaniercollege.qc.ca\/\" target=\"_blank\" rel=\"noopener\"><strong>LEARN MORE \u2023\u2023\u2023<\/strong><\/a><\/h6>\n<p>[\/vc_column_text][vc_empty_space height=&#8221;20px&#8221;][\/vc_column][vc_column width=&#8221;1\/4&#8243;][vc_empty_space height=&#8221;20px&#8221;][vc_single_image image=&#8221;13477&#8243; alignment=&#8221;center&#8221;][vc_column_text]<\/p>\n<h3 style=\"text-align: center;\">John Abbott College<\/h3>\n<h6 style=\"text-align: center;\"><a href=\"https:\/\/www.johnabbott.qc.ca\/\" target=\"_blank\" rel=\"noopener\"><strong>LEARN MORE \u2023\u2023\u2023<\/strong><\/a><\/h6>\n<p>[\/vc_column_text][vc_empty_space height=&#8221;20px&#8221;][\/vc_column][vc_column width=&#8221;1\/4&#8243;][vc_empty_space height=&#8221;20px&#8221;][vc_single_image image=&#8221;13481&#8243; alignment=&#8221;center&#8221;][vc_column_text]<\/p>\n<h3 style=\"text-align: center;\">McGill University<\/h3>\n<h6 style=\"text-align: center;\"><a href=\"https:\/\/www.mcgill.ca\/\" target=\"_blank\" rel=\"noopener\"><strong>LEARN MORE \u2023\u2023\u2023<\/strong><\/a><\/h6>\n<p>[\/vc_column_text][vc_empty_space height=&#8221;20px&#8221;][\/vc_column][vc_column width=&#8221;1\/4&#8243;][vc_empty_space height=&#8221;20px&#8221;][vc_single_image image=&#8221;13485&#8243; alignment=&#8221;center&#8221;][vc_column_text]<\/p>\n<h3 style=\"text-align: center;\">Saint-F\u00e9licien College<\/h3>\n<h6 style=\"text-align: center;\"><a href=\"http:\/\/www.cegepstfe.ca\/\" target=\"_blank\" rel=\"noopener\"><strong>LEARN MORE \u2023\u2023\u2023<\/strong><\/a><\/h6>\n<p>[\/vc_column_text][vc_empty_space height=&#8221;20px&#8221;][\/vc_column][\/vc_row][vc_row][vc_column width=&#8221;1\/4&#8243;][vc_empty_space height=&#8221;20px&#8221;][vc_single_image image=&#8221;13894&#8243; alignment=&#8221;center&#8221;][vc_column_text]<\/p>\n<h3 style=\"text-align: center;\">Montmorency College<\/h3>\n<h6 style=\"text-align: center;\"><a href=\"https:\/\/www.cmontmorency.qc.ca\/\" target=\"_blank\" rel=\"noopener\"><strong>LEARN MORE \u2023\u2023\u2023<\/strong><\/a><\/h6>\n<p>[\/vc_column_text][vc_empty_space height=&#8221;20px&#8221;][\/vc_column][vc_column width=&#8221;1\/4&#8243;][vc_empty_space height=&#8221;20px&#8221;][\/vc_column][vc_column width=&#8221;1\/4&#8243;][vc_empty_space height=&#8221;20px&#8221;][\/vc_column][vc_column width=&#8221;1\/4&#8243;][vc_empty_space height=&#8221;20px&#8221;][\/vc_column][\/vc_row]<\/p>\n<\/div>","protected":false},"excerpt":{"rendered":"<p>[vc_row][vc_column][vc_empty_space][\/vc_column][\/vc_row][vc_row][vc_column][\/vc_column][\/vc_row][vc_row][vc_column][vc_empty_space height=&#8221;40px&#8221;][\/vc_column][\/vc_row][vc_row][vc_column][\/vc_column][\/vc_row][vc_row][vc_column width=&#8221;1\/4&#8243;][vc_empty_space height=&#8221;20px&#8221;][vc_single_image image=&#8221;13427&#8243; alignment=&#8221;center&#8221;][vc_column_text] The Makivik Corporation LEARN MORE \u2023\u2023\u2023 [\/vc_column_text][vc_empty_space height=&#8221;20px&#8221;][\/vc_column][vc_column width=&#8221;1\/4&#8243;][vc_empty_space height=&#8221;20px&#8221;][vc_single_image image=&#8221;13432&#8243; alignment=&#8221;center&#8221;][vc_column_text] Kativik Regional Government LEARN MORE \u2023\u2023\u2023 [\/vc_column_text][vc_empty_space height=&#8221;20px&#8221;][\/vc_column][vc_column width=&#8221;1\/4&#8243;][vc_empty_space height=&#8221;20px&#8221;][vc_single_image image=&#8221;13436&#8243; alignment=&#8221;center&#8221;][vc_column_text] ESUMA LEARN MORE \u2023\u2023\u2023 [\/vc_column_text][vc_empty_space height=&#8221;20px&#8221;][\/vc_column][vc_column width=&#8221;1\/4&#8243;][vc_empty_space height=&#8221;20px&#8221;][vc_single_image image=&#8221;13441&#8243; alignment=&#8221;center&#8221;][vc_column_text] The Avataq Institute LEARN MORE \u2023\u2023\u2023 [\/vc_column_text][vc_empty_space height=&#8221;20px&#8221;][\/vc_column][\/vc_row][vc_row][vc_column width=&#8221;1\/4&#8243;][vc_empty_space height=&#8221;20px&#8221;][vc_single_image image=&#8221;13445&#8243; alignment=&#8221;center&#8221;][vc_column_text] The Nunavik Regional [&hellip;]<\/p>\n","protected":false},"author":3,"featured_media":0,"parent":0,"menu_order":0,"comment_status":"closed","ping_status":"closed","template":"","meta":{"_acf_changed":false,"footnotes":""},"class_list":["post-3098","page","type-page","status-publish","hentry"],"acf":[],"yoast_head":"<!-- This site is optimized with the Yoast SEO plugin v26.9 - https:\/\/yoast.com\/product\/yoast-seo-wordpress\/ -->\n<title>Partners - Kativik<\/title>\n<meta name=\"robots\" content=\"index, follow, max-snippet:-1, max-image-preview:large, max-video-preview:-1\" \/>\n<link rel=\"canonical\" href=\"https:\/\/www.kativik.qc.ca\/en\/partners\/\" \/>\n<meta property=\"og:locale\" content=\"en_US\" \/>\n<meta property=\"og:type\" content=\"article\" \/>\n<meta property=\"og:title\" content=\"Partners - Kativik\" \/>\n<meta property=\"og:description\" content=\"[vc_row][vc_column][vc_empty_space][\/vc_column][\/vc_row][vc_row][vc_column][\/vc_column][\/vc_row][vc_row][vc_column][vc_empty_space height=&#8221;40px&#8221;][\/vc_column][\/vc_row][vc_row][vc_column][\/vc_column][\/vc_row][vc_row][vc_column width=&#8221;1\/4&#8243;][vc_empty_space height=&#8221;20px&#8221;][vc_single_image image=&#8221;13427&#8243; alignment=&#8221;center&#8221;][vc_column_text] The Makivik Corporation LEARN MORE \u2023\u2023\u2023 [\/vc_column_text][vc_empty_space height=&#8221;20px&#8221;][\/vc_column][vc_column width=&#8221;1\/4&#8243;][vc_empty_space height=&#8221;20px&#8221;][vc_single_image image=&#8221;13432&#8243; alignment=&#8221;center&#8221;][vc_column_text] Kativik Regional Government LEARN MORE \u2023\u2023\u2023 [\/vc_column_text][vc_empty_space height=&#8221;20px&#8221;][\/vc_column][vc_column width=&#8221;1\/4&#8243;][vc_empty_space height=&#8221;20px&#8221;][vc_single_image image=&#8221;13436&#8243; alignment=&#8221;center&#8221;][vc_column_text] ESUMA LEARN MORE \u2023\u2023\u2023 [\/vc_column_text][vc_empty_space height=&#8221;20px&#8221;][\/vc_column][vc_column width=&#8221;1\/4&#8243;][vc_empty_space height=&#8221;20px&#8221;][vc_single_image image=&#8221;13441&#8243; alignment=&#8221;center&#8221;][vc_column_text] The Avataq Institute LEARN MORE \u2023\u2023\u2023 [\/vc_column_text][vc_empty_space height=&#8221;20px&#8221;][\/vc_column][\/vc_row][vc_row][vc_column width=&#8221;1\/4&#8243;][vc_empty_space height=&#8221;20px&#8221;][vc_single_image image=&#8221;13445&#8243; alignment=&#8221;center&#8221;][vc_column_text] The Nunavik Regional [&hellip;]\" \/>\n<meta property=\"og:url\" content=\"https:\/\/www.kativik.qc.ca\/en\/partners\/\" \/>\n<meta property=\"og:site_name\" content=\"Kativik\" \/>\n<meta property=\"article:modified_time\" content=\"2024-04-25T18:49:36+00:00\" \/>\n<meta name=\"twitter:card\" content=\"summary_large_image\" \/>\n<meta name=\"twitter:label1\" content=\"Est. reading time\" \/>\n\t<meta name=\"twitter:data1\" content=\"2 minutes\" \/>\n<script type=\"application\/ld+json\" class=\"yoast-schema-graph\">{\"@context\":\"https:\/\/schema.org\",\"@graph\":[{\"@type\":\"WebPage\",\"@id\":\"https:\/\/www.kativik.qc.ca\/en\/partners\/\",\"url\":\"https:\/\/www.kativik.qc.ca\/en\/partners\/\",\"name\":\"Partners - Kativik\",\"isPartOf\":{\"@id\":\"https:\/\/www.kativik.qc.ca\/en\/#website\"},\"datePublished\":\"2021-09-04T21:09:20+00:00\",\"dateModified\":\"2024-04-25T18:49:36+00:00\",\"inLanguage\":\"en-CA\",\"potentialAction\":[{\"@type\":\"ReadAction\",\"target\":[\"https:\/\/www.kativik.qc.ca\/en\/partners\/\"]}]},{\"@type\":\"WebSite\",\"@id\":\"https:\/\/www.kativik.qc.ca\/en\/#website\",\"url\":\"https:\/\/www.kativik.qc.ca\/en\/\",\"name\":\"Kativik Ilisarniliriniq\",\"description\":\"\",\"potentialAction\":[{\"@type\":\"SearchAction\",\"target\":{\"@type\":\"EntryPoint\",\"urlTemplate\":\"https:\/\/www.kativik.qc.ca\/en\/?s={search_term_string}\"},\"query-input\":{\"@type\":\"PropertyValueSpecification\",\"valueRequired\":true,\"valueName\":\"search_term_string\"}}],\"inLanguage\":\"en-CA\"}]}<\/script>\n<!-- \/ Yoast SEO plugin. -->","yoast_head_json":{"title":"Partners - Kativik","robots":{"index":"index","follow":"follow","max-snippet":"max-snippet:-1","max-image-preview":"max-image-preview:large","max-video-preview":"max-video-preview:-1"},"canonical":"https:\/\/www.kativik.qc.ca\/en\/partners\/","og_locale":"en_US","og_type":"article","og_title":"Partners - Kativik","og_description":"[vc_row][vc_column][vc_empty_space][\/vc_column][\/vc_row][vc_row][vc_column][\/vc_column][\/vc_row][vc_row][vc_column][vc_empty_space height=&#8221;40px&#8221;][\/vc_column][\/vc_row][vc_row][vc_column][\/vc_column][\/vc_row][vc_row][vc_column width=&#8221;1\/4&#8243;][vc_empty_space height=&#8221;20px&#8221;][vc_single_image image=&#8221;13427&#8243; alignment=&#8221;center&#8221;][vc_column_text] The Makivik Corporation LEARN MORE \u2023\u2023\u2023 [\/vc_column_text][vc_empty_space height=&#8221;20px&#8221;][\/vc_column][vc_column width=&#8221;1\/4&#8243;][vc_empty_space height=&#8221;20px&#8221;][vc_single_image image=&#8221;13432&#8243; alignment=&#8221;center&#8221;][vc_column_text] Kativik Regional Government LEARN MORE \u2023\u2023\u2023 [\/vc_column_text][vc_empty_space height=&#8221;20px&#8221;][\/vc_column][vc_column width=&#8221;1\/4&#8243;][vc_empty_space height=&#8221;20px&#8221;][vc_single_image image=&#8221;13436&#8243; alignment=&#8221;center&#8221;][vc_column_text] ESUMA LEARN MORE \u2023\u2023\u2023 [\/vc_column_text][vc_empty_space height=&#8221;20px&#8221;][\/vc_column][vc_column width=&#8221;1\/4&#8243;][vc_empty_space height=&#8221;20px&#8221;][vc_single_image image=&#8221;13441&#8243; alignment=&#8221;center&#8221;][vc_column_text] The Avataq Institute LEARN MORE \u2023\u2023\u2023 [\/vc_column_text][vc_empty_space height=&#8221;20px&#8221;][\/vc_column][\/vc_row][vc_row][vc_column width=&#8221;1\/4&#8243;][vc_empty_space height=&#8221;20px&#8221;][vc_single_image image=&#8221;13445&#8243; alignment=&#8221;center&#8221;][vc_column_text] The Nunavik Regional [&hellip;]","og_url":"https:\/\/www.kativik.qc.ca\/en\/partners\/","og_site_name":"Kativik","article_modified_time":"2024-04-25T18:49:36+00:00","twitter_card":"summary_large_image","twitter_misc":{"Est. reading time":"2 minutes"},"schema":{"@context":"https:\/\/schema.org","@graph":[{"@type":"WebPage","@id":"https:\/\/www.kativik.qc.ca\/en\/partners\/","url":"https:\/\/www.kativik.qc.ca\/en\/partners\/","name":"Partners - Kativik","isPartOf":{"@id":"https:\/\/www.kativik.qc.ca\/en\/#website"},"datePublished":"2021-09-04T21:09:20+00:00","dateModified":"2024-04-25T18:49:36+00:00","inLanguage":"en-CA","potentialAction":[{"@type":"ReadAction","target":["https:\/\/www.kativik.qc.ca\/en\/partners\/"]}]},{"@type":"WebSite","@id":"https:\/\/www.kativik.qc.ca\/en\/#website","url":"https:\/\/www.kativik.qc.ca\/en\/","name":"Kativik Ilisarniliriniq","description":"","potentialAction":[{"@type":"SearchAction","target":{"@type":"EntryPoint","urlTemplate":"https:\/\/www.kativik.qc.ca\/en\/?s={search_term_string}"},"query-input":{"@type":"PropertyValueSpecification","valueRequired":true,"valueName":"search_term_string"}}],"inLanguage":"en-CA"}]}},"_links":{"self":[{"href":"https:\/\/www.kativik.qc.ca\/en\/wp-json\/wp\/v2\/pages\/3098","targetHints":{"allow":["GET"]}}],"collection":[{"href":"https:\/\/www.kativik.qc.ca\/en\/wp-json\/wp\/v2\/pages"}],"about":[{"href":"https:\/\/www.kativik.qc.ca\/en\/wp-json\/wp\/v2\/types\/page"}],"author":[{"embeddable":true,"href":"https:\/\/www.kativik.qc.ca\/en\/wp-json\/wp\/v2\/users\/3"}],"replies":[{"embeddable":true,"href":"https:\/\/www.kativik.qc.ca\/en\/wp-json\/wp\/v2\/comments?post=3098"}],"version-history":[{"count":30,"href":"https:\/\/www.kativik.qc.ca\/en\/wp-json\/wp\/v2\/pages\/3098\/revisions"}],"predecessor-version":[{"id":16759,"href":"https:\/\/www.kativik.qc.ca\/en\/wp-json\/wp\/v2\/pages\/3098\/revisions\/16759"}],"wp:attachment":[{"href":"https:\/\/www.kativik.qc.ca\/en\/wp-json\/wp\/v2\/media?parent=3098"}],"curies":[{"name":"wp","href":"https:\/\/api.w.org\/{rel}","templated":true}]}}